{"id":1288,"date":"2024-09-13T00:02:17","date_gmt":"2024-09-12T22:02:17","guid":{"rendered":"https:\/\/kulturverein-afrokonexion.org\/?page_id=1288"},"modified":"2024-09-13T01:13:22","modified_gmt":"2024-09-12T23:13:22","slug":"conditions-generales-dutilisation","status":"publish","type":"page","link":"https:\/\/kulturverein-afrokonexion.org\/de\/conditions-generales-dutilisation\/","title":{"rendered":"Conditions G\u00e9n\u00e9rales d&rsquo;Utilisation"},"content":{"rendered":"<div data-elementor-type=\"wp-page\" data-elementor-id=\"1288\" class=\"elementor elementor-1288\">\n\t\t\t\t<div class=\"elementor-element elementor-element-fbb63a6 e-flex e-con-boxed e-con e-parent\" data-id=\"fbb63a6\" data-element_type=\"container\" data-e-type=\"container\" data-settings=\"{&quot;background_background&quot;:&quot;classic&quot;}\">\n\t\t\t\t\t<div class=\"e-con-inner\">\n\t\t<div class=\"elementor-element elementor-element-eab07e1 e-con-full e-flex e-con e-child\" data-id=\"eab07e1\" data-element_type=\"container\" data-e-type=\"container\">\n\t\t\t\t<div class=\"elementor-element elementor-element-d8e70d9 elementor-invisible elementor-widget elementor-widget-heading\" data-id=\"d8e70d9\" data-element_type=\"widget\" data-e-type=\"widget\" data-settings=\"{&quot;_animation&quot;:&quot;fadeIn&quot;,&quot;_animation_delay&quot;:50}\" data-widget_type=\"heading.default\">\n\t\t\t\t<div class=\"elementor-widget-container\">\n\t\t\t\t\t<h2 class=\"elementor-heading-title elementor-size-default\">Kulturverein Afrokonexion e.V<\/h2>\t\t\t\t<\/div>\n\t\t\t\t<\/div>\n\t\t\t\t<div class=\"elementor-element elementor-element-ba4fb11 elementor-invisible elementor-widget elementor-widget-heading\" data-id=\"ba4fb11\" data-element_type=\"widget\" data-e-type=\"widget\" data-settings=\"{&quot;_animation&quot;:&quot;fadeIn&quot;,&quot;_animation_delay&quot;:100}\" data-widget_type=\"heading.default\">\n\t\t\t\t<div class=\"elementor-widget-container\">\n\t\t\t\t\t<h2 class=\"elementor-heading-title elementor-size-default\">Conditions G\u00e9n\u00e9rales d'Utilisation <\/h2>\t\t\t\t<\/div>\n\t\t\t\t<\/div>\n\t\t<div class=\"elementor-element elementor-element-c226df4 e-con-full e-flex elementor-invisible e-con e-child\" data-id=\"c226df4\" data-element_type=\"container\" data-e-type=\"container\" data-settings=\"{&quot;animation&quot;:&quot;fadeIn&quot;,&quot;animation_delay&quot;:20}\">\n\t\t<div class=\"elementor-element elementor-element-9a75d5c e-con-full e-flex e-con e-child\" data-id=\"9a75d5c\" data-element_type=\"container\" data-e-type=\"container\">\n\t\t\t\t<\/div>\n\t\t\t\t<\/div>\n\t\t\t\t<\/div>\n\t\t\t\t\t<\/div>\n\t\t\t\t<\/div>\n\t\t<div class=\"elementor-element elementor-element-a5ac695 e-flex e-con-boxed e-con e-parent\" data-id=\"a5ac695\" data-element_type=\"container\" data-e-type=\"container\">\n\t\t\t\t\t<div class=\"e-con-inner\">\n\t\t<div class=\"elementor-element elementor-element-8a74531 e-con-full e-flex e-con e-child\" data-id=\"8a74531\" data-element_type=\"container\" data-e-type=\"container\">\n\t\t\t\t<div class=\"elementor-element elementor-element-60a4570 elementor-widget elementor-widget-image\" data-id=\"60a4570\" data-element_type=\"widget\" data-e-type=\"widget\" data-widget_type=\"image.default\">\n\t\t\t\t<div class=\"elementor-widget-container\">\n\t\t\t\t\t\t\t\t\t\t\t\t\t\t\t<img decoding=\"async\" data-src=\"https:\/\/kulturverein-afrokonexion.org\/wp-content\/uploads\/2024\/09\/8734249.jpg\" title=\"\" alt=\"Condition g\u00e9n\u00e9rales d&#039;Utilisation Afrokonexion e.V\" src=\"data:image\/svg+xml;base64,PHN2ZyB3aWR0aD0iMSIgaGVpZ2h0PSIxIiB4bWxucz0iaHR0cDovL3d3dy53My5vcmcvMjAwMC9zdmciPjwvc3ZnPg==\" class=\"lazyload\" \/>\t\t\t\t\t\t\t\t\t\t\t\t\t\t\t<\/div>\n\t\t\t\t<\/div>\n\t\t\t\t<\/div>\n\t\t<div class=\"elementor-element elementor-element-3be2202 e-con-full e-flex e-con e-child\" data-id=\"3be2202\" data-element_type=\"container\" data-e-type=\"container\">\n\t\t\t\t<div class=\"elementor-element elementor-element-50005e9 elementor-widget elementor-widget-text-editor\" data-id=\"50005e9\" data-element_type=\"widget\" data-e-type=\"widget\" data-widget_type=\"text-editor.default\">\n\t\t\t\t<div class=\"elementor-widget-container\">\n\t\t\t\t\t\t\t\t\t<p>Bienvenue sur le site de Kulturverein Afrokonexion e.V. En acc\u00e9dant et en utilisant notre site, vous acceptez de vous conformer aux pr\u00e9sentes Conditions G\u00e9n\u00e9rales d&rsquo;Utilisation (CGU).<\/p><h4>Acc\u00e8s au Site<\/h4><p>L&rsquo;acc\u00e8s \u00e0 notre site est gratuit. Nous nous r\u00e9servons le droit de modifier, suspendre ou interrompre l&rsquo;acc\u00e8s \u00e0 tout ou partie du site, temporairement ou d\u00e9finitivement, sans pr\u00e9avis.<\/p>\t\t\t\t\t\t\t\t<\/div>\n\t\t\t\t<\/div>\n\t\t\t\t<\/div>\n\t\t\t\t\t<\/div>\n\t\t\t\t<\/div>\n\t\t<div class=\"elementor-element elementor-element-b87db2b e-flex e-con-boxed e-con e-parent\" data-id=\"b87db2b\" data-element_type=\"container\" data-e-type=\"container\">\n\t\t\t\t\t<div class=\"e-con-inner\">\n\t\t\t\t<div class=\"elementor-element elementor-element-f9a40e7 elementor-widget elementor-widget-text-editor\" data-id=\"f9a40e7\" data-element_type=\"widget\" data-e-type=\"widget\" data-widget_type=\"text-editor.default\">\n\t\t\t\t<div class=\"elementor-widget-container\">\n\t\t\t\t\t\t\t\t\t<h4>Contenu du Site<\/h4><p>Tous les contenus pr\u00e9sents sur ce site, y compris textes, images, logos, et logiciels, sont la propri\u00e9t\u00e9 de Kulturverein Afrokonexion e.V. ou de ses partenaires et sont prot\u00e9g\u00e9s par les lois sur la propri\u00e9t\u00e9 intellectuelle. Toute reproduction, modification, distribution ou publication de ces contenus est interdite sans autorisation \u00e9crite pr\u00e9alable.<\/p><h4>Comportement des Utilisateurs<\/h4><p>Les utilisateurs s&rsquo;engagent \u00e0 ne pas :<\/p><ul><li>Utiliser le site \u00e0 des fins ill\u00e9gales ou contraires aux bonnes m\u0153urs.<\/li><li>Interf\u00e9rer avec le bon fonctionnement du site.<\/li><li>Diffuser des contenus illicites, nuisibles ou discriminatoires.<\/li><\/ul><p>\u00a0<\/p><h4>Limitations de Responsabilit\u00e9<\/h4><p>Kulturverein Afrokonexion e.V. s&rsquo;efforce de fournir des informations exactes et \u00e0 jour. Toutefois, nous ne garantissons pas l&rsquo;exactitude, l&rsquo;exhaustivit\u00e9 ou l&rsquo;actualit\u00e9 des informations disponibles sur le site et d\u00e9clinons toute responsabilit\u00e9 en cas d&rsquo;erreurs ou d&rsquo;omissions.<\/p><h4>Modifications du Site et des CGU<\/h4><p>Nous nous r\u00e9servons le droit de modifier \u00e0 tout moment le contenu du site ainsi que les pr\u00e9sentes CGU. Les utilisateurs sont invit\u00e9s \u00e0 consulter r\u00e9guli\u00e8rement les CGU pour se tenir inform\u00e9s des modifications.<\/p><h4>Droit Applicable et Juridiction<\/h4><p>Les pr\u00e9sentes CGU sont r\u00e9gies par le droit allemand. Tout litige relatif \u00e0 leur interpr\u00e9tation ou \u00e0 leur ex\u00e9cution sera soumis aux tribunaux comp\u00e9tents en Allemagne.<\/p>\t\t\t\t\t\t\t\t<\/div>\n\t\t\t\t<\/div>\n\t\t\t\t\t<\/div>\n\t\t\t\t<\/div>\n\t\t\t\t<\/div>","protected":false},"excerpt":{"rendered":"<p>Kulturverein Afrokonexion e.V Conditions G\u00e9n\u00e9rales d&rsquo;Utilisation Bienvenue sur le site de Kulturverein Afrokonexion e.V. En acc\u00e9dant et en utilisant notre [&hellip;]<\/p>\n","protected":false},"author":1,"featured_media":0,"parent":0,"menu_order":0,"comment_status":"closed","ping_status":"closed","template":"","meta":{"site-sidebar-layout":"default","site-content-layout":"","ast-site-content-layout":"default","site-content-style":"default","site-sidebar-style":"default","ast-global-header-display":"","ast-banner-title-visibility":"","ast-main-header-display":"","ast-hfb-above-header-display":"","ast-hfb-below-header-display":"","ast-hfb-mobile-header-display":"","site-post-title":"disabled","ast-breadcrumbs-content":"","ast-featured-img":"","footer-sml-layout":"","theme-transparent-header-meta":"default","adv-header-id-meta":"","stick-header-meta":"","header-above-stick-meta":"","header-main-stick-meta":"","header-below-stick-meta":"","astra-migrate-meta-layouts":"set","ast-page-background-enabled":"default","ast-page-background-meta":{"desktop":{"background-color":"var(--ast-global-color-4)","background-image":"","background-repeat":"repeat","background-position":"center center","background-size":"auto","background-attachment":"scroll","background-type":"","background-media":"","overlay-type":"","overlay-color":"","overlay-opacity":"","overlay-gradient":""},"tablet":{"background-color":"","background-image":"","background-repeat":"repeat","background-position":"center center","background-size":"auto","background-attachment":"scroll","background-type":"","background-media":"","overlay-type":"","overlay-color":"","overlay-opacity":"","overlay-gradient":""},"mobile":{"background-color":"","background-image":"","background-repeat":"repeat","background-position":"center center","background-size":"auto","background-attachment":"scroll","background-type":"","background-media":"","overlay-type":"","overlay-color":"","overlay-opacity":"","overlay-gradient":""}},"ast-content-background-meta":{"desktop":{"background-color":"var(--ast-global-color-5)","background-image":"","background-repeat":"repeat","background-position":"center center","background-size":"auto","background-attachment":"scroll","background-type":"","background-media":"","overlay-type":"","overlay-color":"","overlay-opacity":"","overlay-gradient":""},"tablet":{"background-color":"var(--ast-global-color-5)","background-image":"","background-repeat":"repeat","background-position":"center center","background-size":"auto","background-attachment":"scroll","background-type":"","background-media":"","overlay-type":"","overlay-color":"","overlay-opacity":"","overlay-gradient":""},"mobile":{"background-color":"var(--ast-global-color-5)","background-image":"","background-repeat":"repeat","background-position":"center center","background-size":"auto","background-attachment":"scroll","background-type":"","background-media":"","overlay-type":"","overlay-color":"","overlay-opacity":"","overlay-gradient":""}},"footnotes":""},"class_list":["post-1288","page","type-page","status-publish","hentry"],"_links":{"self":[{"href":"https:\/\/kulturverein-afrokonexion.org\/de\/wp-json\/wp\/v2\/pages\/1288","targetHints":{"allow":["GET"]}}],"collection":[{"href":"https:\/\/kulturverein-afrokonexion.org\/de\/wp-json\/wp\/v2\/pages"}],"about":[{"href":"https:\/\/kulturverein-afrokonexion.org\/de\/wp-json\/wp\/v2\/types\/page"}],"author":[{"embeddable":true,"href":"https:\/\/kulturverein-afrokonexion.org\/de\/wp-json\/wp\/v2\/users\/1"}],"replies":[{"embeddable":true,"href":"https:\/\/kulturverein-afrokonexion.org\/de\/wp-json\/wp\/v2\/comments?post=1288"}],"version-history":[{"count":7,"href":"https:\/\/kulturverein-afrokonexion.org\/de\/wp-json\/wp\/v2\/pages\/1288\/revisions"}],"predecessor-version":[{"id":1301,"href":"https:\/\/kulturverein-afrokonexion.org\/de\/wp-json\/wp\/v2\/pages\/1288\/revisions\/1301"}],"wp:attachment":[{"href":"https:\/\/kulturverein-afrokonexion.org\/de\/wp-json\/wp\/v2\/media?parent=1288"}],"curies":[{"name":"wp","href":"https:\/\/api.w.org\/{rel}","templated":true}]}}